{"id":1280,"date":"2025-04-28T10:54:17","date_gmt":"2025-04-28T08:54:17","guid":{"rendered":"https:\/\/ateliersdusi.cz\/?page_id=1280"},"modified":"2025-06-26T15:23:39","modified_gmt":"2025-06-26T13:23:39","slug":"alchymie-procesu","status":"publish","type":"page","link":"https:\/\/ateliersdusi.cz\/de\/maluju\/alchymie-procesu\/","title":{"rendered":"ALCHEMIE DES PROZESSES"},"content":{"rendered":"<p>[et_pb_section fb_built=&#8220;1&#8243; admin_label=&#8220;Galerie <\/p>\n<p>Nechte se okouzlit. Sv\u011bt Ateli\u00e9ru du\u0161e je barevn\u00fd, klidn\u00fd, von\u00ed l\u00e9tem a barvami. A \u010dek\u00e1 na v\u00e1s.<\/p>\n<p>&#8220; _builder_version=&#8220;4.27.4&#8243; custom_margin=&#8220;0px||||false|false&#8220; custom_padding=&#8220;0px||||false|false&#8220; collapsed=&#8220;off&#8220; global_colors_info=&#8220;{}&#8220;][et_pb_row admin_label=&#8220;H1 GALERIE&#8220; _builder_version=&#8220;4.27.4&#8243; _module_preset=&#8220;default&#8220; width=&#8220;75%&#8220; max_width=&#8220;75%&#8220; collapsed=&#8220;off&#8220; global_colors_info=&#8220;{}&#8220;][et_pb_column type=&#8220;4_4&#8243; _builder_version=&#8220;4.20.0&#8243; _module_preset=&#8220;default&#8220; custom_padding_tablet=&#8220;||30px||false|false&#8220; custom_padding_phone=&#8220;||30px||false|false&#8220; custom_padding_last_edited=&#8220;on|tablet&#8220; global_colors_info=&#8220;{}&#8220;][et_pb_text admin_label=&#8220;ALCHYMIE PROCESU&#8220; _builder_version=&#8220;4.27.4&#8243; _module_preset=&#8220;_initial&#8220; text_orientation=&#8220;center&#8220; module_alignment=&#8220;center&#8220; custom_margin=&#8220;||35px||false|false&#8220; header_font_size_tablet=&#8220;&#8220; header_font_size_phone=&#8220;30px&#8220; header_font_size_last_edited=&#8220;on|phone&#8220; header_4_font_size_tablet=&#8220;16px&#8220; header_4_font_size_phone=&#8220;15px&#8220; header_4_font_size_last_edited=&#8220;on|desktop&#8220; global_colors_info=&#8220;{}&#8220;]<\/p>\n<h1>ALCHYMIE PROCESU<\/h1>\n<p>[\/et_pb_text][et_pb_text _builder_version=&#8220;4.27.4&#8243; _module_preset=&#8220;_initial&#8220; text_line_height=&#8220;1.8em&#8220; text_orientation=&#8220;center&#8220; custom_padding=&#8220;||43px|||&#8220; text_font_size_tablet=&#8220;15px&#8220; text_font_size_phone=&#8220;14px&#8220; text_font_size_last_edited=&#8220;on|desktop&#8220; global_colors_info=&#8220;{}&#8220;]<\/p>\n<p>nNelze se ubr\u00e1nit z\u00e1lib\u011b tak siln\u00e9, jakou je alchymie. Bubl\u00e1 a propuk\u00e1 skrze ve\u0161kerou mou tvorbu i osobn\u00ed \u017eivot. Bylo by \u0161koda hermeticky uzav\u0159\u00edt barevn\u00e9 \u017eivly projevuj\u00edc\u00ed se navenek jako skvrny \/makuly\/ a utajit tak p\u0159ed publikem palety pln\u00e9 sm\u011bs\u00ed, kter\u00e9 jsou jednozna\u010dnou p\u0159edzv\u011bst\u00ed velk\u00e9 p\u0159em\u011bny \/Transmutatio magna\/ a vyvrcholen\u00edm pr\u00e1ce na samotn\u00e9m Velk\u00e9m d\u00edle \/Opus Magnum\/.<\/p>\n<p>[\/et_pb_text][et_pb_gallery gallery_ids=&#8220;697,801,680,679,687,674,694,676,672,673,683,669,677,682,681,688,684,670,675,668,671,695,678,690,692,691,698,693,686,685,696,689&#8243; orientation=&#8220;portrait&#8220; show_title_and_caption=&#8220;off&#8220; _builder_version=&#8220;4.27.4&#8243; _module_preset=&#8220;default&#8220; global_colors_info=&#8220;{}&#8220;][\/et_pb_gallery][et_pb_button button_url=&#8220;\/maluju&#8220; button_text=&#8220;K obraz\u016fm&#8220; button_alignment=&#8220;center&#8220; _builder_version=&#8220;4.27.4&#8243; _module_preset=&#8220;default&#8220; global_colors_info=&#8220;{}&#8220;][\/et_pb_button][\/et_pb_column][\/et_pb_row][\/et_pb_section]<\/p>\n","protected":false},"excerpt":{"rendered":"<p>ALCHYMIE PROCESUnNelze se ubr\u00e1nit z\u00e1lib\u011b tak siln\u00e9, jakou je alchymie. Bubl\u00e1 a propuk\u00e1 skrze ve\u0161kerou mou tvorbu i osobn\u00ed \u017eivot. Bylo by \u0161koda hermeticky uzav\u0159\u00edt barevn\u00e9 \u017eivly projevuj\u00edc\u00ed se navenek jako skvrny \/makuly\/ a utajit tak p\u0159ed publikem palety pln\u00e9 sm\u011bs\u00ed, kter\u00e9 jsou jednozna\u010dnou p\u0159edzv\u011bst\u00ed velk\u00e9 p\u0159em\u011bny \/Transmutatio magna\/ a vyvrcholen\u00edm pr\u00e1ce na samotn\u00e9m Velk\u00e9m [&hellip;]<\/p>\n","protected":false},"author":1,"featured_media":0,"parent":27,"menu_order":0,"comment_status":"closed","ping_status":"closed","template":"","meta":{"_et_pb_use_builder":"on","_et_pb_old_content":"","_et_gb_content_width":"","footnotes":""},"class_list":["post-1280","page","type-page","status-publish","hentry"],"yoast_head":"<!-- This site is optimized with the Yoast SEO plugin v27.1.1 - https:\/\/yoast.com\/product\/yoast-seo-wordpress\/ -->\n<title>ALCHYMIE PROCESU - Ateli\u00e9r s du\u0161\u00ed<\/title>\n<meta name=\"robots\" content=\"index, follow, max-snippet:-1, max-image-preview:large, max-video-preview:-1\" \/>\n<link rel=\"canonical\" href=\"https:\/\/ateliersdusi.cz\/de\/maluju\/alchymie-procesu\/\" \/>\n<meta property=\"og:locale\" content=\"de_DE\" \/>\n<meta property=\"og:type\" content=\"article\" \/>\n<meta property=\"og:title\" content=\"ALCHYMIE PROCESU - Ateli\u00e9r s du\u0161\u00ed\" \/>\n<meta property=\"og:description\" content=\"ALCHYMIE PROCESUnNelze se ubr\u00e1nit z\u00e1lib\u011b tak siln\u00e9, jakou je alchymie. Bubl\u00e1 a propuk\u00e1 skrze ve\u0161kerou mou tvorbu i osobn\u00ed \u017eivot. Bylo by \u0161koda hermeticky uzav\u0159\u00edt barevn\u00e9 \u017eivly projevuj\u00edc\u00ed se navenek jako skvrny \/makuly\/ a utajit tak p\u0159ed publikem palety pln\u00e9 sm\u011bs\u00ed, kter\u00e9 jsou jednozna\u010dnou p\u0159edzv\u011bst\u00ed velk\u00e9 p\u0159em\u011bny \/Transmutatio magna\/ a vyvrcholen\u00edm pr\u00e1ce na samotn\u00e9m Velk\u00e9m [&hellip;]\" \/>\n<meta property=\"og:url\" content=\"https:\/\/ateliersdusi.cz\/de\/maluju\/alchymie-procesu\/\" \/>\n<meta property=\"og:site_name\" content=\"Ateli\u00e9r s du\u0161\u00ed\" \/>\n<meta property=\"article:modified_time\" content=\"2025-06-26T13:23:39+00:00\" \/>\n<meta name=\"twitter:card\" content=\"summary_large_image\" \/>\n<meta name=\"twitter:label1\" content=\"Gesch\u00e4tzte Lesezeit\" \/>\n\t<meta name=\"twitter:data1\" content=\"7\u00a0Minuten\" \/>\n<script type=\"application\/ld+json\" class=\"yoast-schema-graph\">{\"@context\":\"https:\/\/schema.org\",\"@graph\":[{\"@type\":\"WebPage\",\"@id\":\"https:\/\/ateliersdusi.cz\/maluju\/alchymie-procesu\/\",\"url\":\"https:\/\/ateliersdusi.cz\/maluju\/alchymie-procesu\/\",\"name\":\"ALCHYMIE PROCESU - Ateli\u00e9r s du\u0161\u00ed\",\"isPartOf\":{\"@id\":\"https:\/\/ateliersdusi.cz\/#website\"},\"datePublished\":\"2025-04-28T08:54:17+00:00\",\"dateModified\":\"2025-06-26T13:23:39+00:00\",\"breadcrumb\":{\"@id\":\"https:\/\/ateliersdusi.cz\/maluju\/alchymie-procesu\/#breadcrumb\"},\"inLanguage\":\"de\",\"potentialAction\":[{\"@type\":\"ReadAction\",\"target\":[\"https:\/\/ateliersdusi.cz\/maluju\/alchymie-procesu\/\"]}]},{\"@type\":\"BreadcrumbList\",\"@id\":\"https:\/\/ateliersdusi.cz\/maluju\/alchymie-procesu\/#breadcrumb\",\"itemListElement\":[{\"@type\":\"ListItem\",\"position\":1,\"name\":\"Dom\u016f\",\"item\":\"https:\/\/ateliersdusi.cz\/\"},{\"@type\":\"ListItem\",\"position\":2,\"name\":\"Maluju\",\"item\":\"https:\/\/ateliersdusi.cz\/maluju\/\"},{\"@type\":\"ListItem\",\"position\":3,\"name\":\"ALCHYMIE PROCESU\"}]},{\"@type\":\"WebSite\",\"@id\":\"https:\/\/ateliersdusi.cz\/#website\",\"url\":\"https:\/\/ateliersdusi.cz\/\",\"name\":\"Ateli\u00e9r s du\u0161\u00ed\",\"description\":\"Jarka Pape\u017eov\u00e1 - mal\u00ed\u0159ka\",\"potentialAction\":[{\"@type\":\"SearchAction\",\"target\":{\"@type\":\"EntryPoint\",\"urlTemplate\":\"https:\/\/ateliersdusi.cz\/?s={search_term_string}\"},\"query-input\":{\"@type\":\"PropertyValueSpecification\",\"valueRequired\":true,\"valueName\":\"search_term_string\"}}],\"inLanguage\":\"de\"}]}<\/script>\n<!-- \/ Yoast SEO plugin. -->","yoast_head_json":{"title":"ALCHYMIE PROCESU - Ateli\u00e9r s du\u0161\u00ed","robots":{"index":"index","follow":"follow","max-snippet":"max-snippet:-1","max-image-preview":"max-image-preview:large","max-video-preview":"max-video-preview:-1"},"canonical":"https:\/\/ateliersdusi.cz\/de\/maluju\/alchymie-procesu\/","og_locale":"de_DE","og_type":"article","og_title":"ALCHYMIE PROCESU - Ateli\u00e9r s du\u0161\u00ed","og_description":"ALCHYMIE PROCESUnNelze se ubr\u00e1nit z\u00e1lib\u011b tak siln\u00e9, jakou je alchymie. Bubl\u00e1 a propuk\u00e1 skrze ve\u0161kerou mou tvorbu i osobn\u00ed \u017eivot. Bylo by \u0161koda hermeticky uzav\u0159\u00edt barevn\u00e9 \u017eivly projevuj\u00edc\u00ed se navenek jako skvrny \/makuly\/ a utajit tak p\u0159ed publikem palety pln\u00e9 sm\u011bs\u00ed, kter\u00e9 jsou jednozna\u010dnou p\u0159edzv\u011bst\u00ed velk\u00e9 p\u0159em\u011bny \/Transmutatio magna\/ a vyvrcholen\u00edm pr\u00e1ce na samotn\u00e9m Velk\u00e9m [&hellip;]","og_url":"https:\/\/ateliersdusi.cz\/de\/maluju\/alchymie-procesu\/","og_site_name":"Ateli\u00e9r s du\u0161\u00ed","article_modified_time":"2025-06-26T13:23:39+00:00","twitter_card":"summary_large_image","twitter_misc":{"Gesch\u00e4tzte Lesezeit":"7\u00a0Minuten"},"schema":{"@context":"https:\/\/schema.org","@graph":[{"@type":"WebPage","@id":"https:\/\/ateliersdusi.cz\/maluju\/alchymie-procesu\/","url":"https:\/\/ateliersdusi.cz\/maluju\/alchymie-procesu\/","name":"ALCHYMIE PROCESU - Ateli\u00e9r s du\u0161\u00ed","isPartOf":{"@id":"https:\/\/ateliersdusi.cz\/#website"},"datePublished":"2025-04-28T08:54:17+00:00","dateModified":"2025-06-26T13:23:39+00:00","breadcrumb":{"@id":"https:\/\/ateliersdusi.cz\/maluju\/alchymie-procesu\/#breadcrumb"},"inLanguage":"de","potentialAction":[{"@type":"ReadAction","target":["https:\/\/ateliersdusi.cz\/maluju\/alchymie-procesu\/"]}]},{"@type":"BreadcrumbList","@id":"https:\/\/ateliersdusi.cz\/maluju\/alchymie-procesu\/#breadcrumb","itemListElement":[{"@type":"ListItem","position":1,"name":"Dom\u016f","item":"https:\/\/ateliersdusi.cz\/"},{"@type":"ListItem","position":2,"name":"Maluju","item":"https:\/\/ateliersdusi.cz\/maluju\/"},{"@type":"ListItem","position":3,"name":"ALCHYMIE PROCESU"}]},{"@type":"WebSite","@id":"https:\/\/ateliersdusi.cz\/#website","url":"https:\/\/ateliersdusi.cz\/","name":"Atelier mit Seele","description":"Jarka Pape\u017eov\u00e1 - mal\u00ed\u0159ka","potentialAction":[{"@type":"SearchAction","target":{"@type":"EntryPoint","urlTemplate":"https:\/\/ateliersdusi.cz\/?s={search_term_string}"},"query-input":{"@type":"PropertyValueSpecification","valueRequired":true,"valueName":"search_term_string"}}],"inLanguage":"de"}]}},"_links":{"self":[{"href":"https:\/\/ateliersdusi.cz\/de\/wp-json\/wp\/v2\/pages\/1280","targetHints":{"allow":["GET"]}}],"collection":[{"href":"https:\/\/ateliersdusi.cz\/de\/wp-json\/wp\/v2\/pages"}],"about":[{"href":"https:\/\/ateliersdusi.cz\/de\/wp-json\/wp\/v2\/types\/page"}],"author":[{"embeddable":true,"href":"https:\/\/ateliersdusi.cz\/de\/wp-json\/wp\/v2\/users\/1"}],"replies":[{"embeddable":true,"href":"https:\/\/ateliersdusi.cz\/de\/wp-json\/wp\/v2\/comments?post=1280"}],"version-history":[{"count":7,"href":"https:\/\/ateliersdusi.cz\/de\/wp-json\/wp\/v2\/pages\/1280\/revisions"}],"predecessor-version":[{"id":1609,"href":"https:\/\/ateliersdusi.cz\/de\/wp-json\/wp\/v2\/pages\/1280\/revisions\/1609"}],"up":[{"embeddable":true,"href":"https:\/\/ateliersdusi.cz\/de\/wp-json\/wp\/v2\/pages\/27"}],"wp:attachment":[{"href":"https:\/\/ateliersdusi.cz\/de\/wp-json\/wp\/v2\/media?parent=1280"}],"curies":[{"name":"wp","href":"https:\/\/api.w.org\/{rel}","templated":true}]}}