{"id":454,"date":"2025-04-16T19:22:58","date_gmt":"2025-04-16T17:22:58","guid":{"rendered":"https:\/\/ateliersdusi.cz\/?page_id=454"},"modified":"2025-05-12T14:45:51","modified_gmt":"2025-05-12T12:45:51","slug":"pisu","status":"publish","type":"page","link":"https:\/\/ateliersdusi.cz\/de\/pisu\/","title":{"rendered":"Ich schreibe."},"content":{"rendered":"<p>[et_pb_section fb_built=&#8220;1&#8243; admin_label=&#8220;section&#8220; _builder_version=&#8220;4.27.4&#8243; custom_margin=&#8220;0px||||false|false&#8220; custom_padding=&#8220;0px||||false|false&#8220; global_colors_info=&#8220;{}&#8220;][et_pb_row _builder_version=&#8220;4.27.4&#8243; _module_preset=&#8220;default&#8220; width=&#8220;75%&#8220; max_width=&#8220;75%&#8220; custom_padding=&#8220;||5px|||&#8220; global_colors_info=&#8220;{}&#8220;][et_pb_column type=&#8220;4_4&#8243; _builder_version=&#8220;4.20.0&#8243; _module_preset=&#8220;default&#8220; custom_padding_tablet=&#8220;||30px||false|false&#8220; custom_padding_phone=&#8220;||30px||false|false&#8220; custom_padding_last_edited=&#8220;on|tablet&#8220; global_colors_info=&#8220;{}&#8220;][et_pb_text _builder_version=&#8220;4.27.4&#8243; _module_preset=&#8220;_initial&#8220; text_orientation=&#8220;center&#8220; module_alignment=&#8220;center&#8220; custom_margin=&#8220;||35px||false|false&#8220; header_font_size_tablet=&#8220;&#8220; header_font_size_phone=&#8220;30px&#8220; header_font_size_last_edited=&#8220;on|phone&#8220; header_4_font_size_tablet=&#8220;16px&#8220; header_4_font_size_phone=&#8220;15px&#8220; header_4_font_size_last_edited=&#8220;on|desktop&#8220; global_colors_info=&#8220;{}&#8220;]<\/p>\n<h1>P\u00ed\u0161u<\/h1>\n<p>[\/et_pb_text][\/et_pb_column][\/et_pb_row][et_pb_row _builder_version=&#8220;4.27.4&#8243; _module_preset=&#8220;default&#8220; custom_padding=&#8220;2px|||||&#8220; global_colors_info=&#8220;{}&#8220;][et_pb_column type=&#8220;4_4&#8243; _builder_version=&#8220;4.27.4&#8243; _module_preset=&#8220;default&#8220; global_colors_info=&#8220;{}&#8220;][et_pb_text disabled_on=&#8220;off|off|off&#8220; _builder_version=&#8220;4.27.4&#8243; _module_preset=&#8220;_initial&#8220; text_line_height=&#8220;1.8em&#8220; text_orientation=&#8220;center&#8220; custom_margin=&#8220;||54px||false|false&#8220; text_font_size_tablet=&#8220;15px&#8220; text_font_size_phone=&#8220;14px&#8220; text_font_size_last_edited=&#8220;on|desktop&#8220; global_colors_info=&#8220;{}&#8220;]<\/p>\n<p style=\"text-align: justify;\">Aneb jak to vypad\u00e1, kdy\u017e se mal\u00ed\u0159ka chop\u00ed psac\u00edho pera nam\u00edsto \u0161t\u011btce. P\u0159e\u010dt\u011bte si p\u0159\u00edb\u011bhy pln\u00e9 z\u00e1\u017eitk\u016f protknut\u00fdch vzpom\u00ednkami \u010di vtipn\u00fdmi historkami nejen z malov\u00e1n\u00ed, na kter\u00e9 ji\u017e pravideln\u011b \u010dekaj\u00ed o\u010di \u010dten\u00e1\u0159\u016f novin DOMA NA \u0160UMAV\u011a.<\/p>\n<p>[\/et_pb_text][et_pb_blog fullwidth=&#8220;off&#8220; posts_number=&#8220;1000&#8243; meta_date=&#8220;m\/Y&#8220; excerpt_length=&#8220;230&#8243; show_more=&#8220;on&#8220; show_author=&#8220;off&#8220; show_date=&#8220;off&#8220; show_categories=&#8220;off&#8220; _builder_version=&#8220;4.27.4&#8243; _module_preset=&#8220;default&#8220; header_font_size=&#8220;18px&#8220; header_line_height=&#8220;1.2em&#8220; meta_font_size=&#8220;12px&#8220; read_more_font=&#8220;|600||on|||||&#8220; read_more_text_color=&#8220;#007c92&#8243; read_more_letter_spacing=&#8220;4px&#8220; read_more_line_height=&#8220;1.5em&#8220; hover_enabled=&#8220;0&#8243; custom_css_read_more=&#8220;    padding: .3em 1em !important;||    font-size: 13px;||    border: 2px solid #007c92;||    border-radius: 0px;||    font-weight: bold;||    font-style: normal;||    text-transform: uppercase;||    text-decoration: none;||    letter-spacing: 2px;&#8220; global_colors_info=&#8220;{}&#8220; include_categories=&#8220;11&#8243; sticky_enabled=&#8220;0&#8243;][\/et_pb_blog][\/et_pb_column][\/et_pb_row][\/et_pb_section]<\/p>\n","protected":false},"excerpt":{"rendered":"<p>P\u00ed\u0161uAneb jak to vypad\u00e1, kdy\u017e se mal\u00ed\u0159ka chop\u00ed psac\u00edho pera nam\u00edsto \u0161t\u011btce. P\u0159e\u010dt\u011bte si p\u0159\u00edb\u011bhy pln\u00e9 z\u00e1\u017eitk\u016f protknut\u00fdch vzpom\u00ednkami \u010di vtipn\u00fdmi historkami nejen z malov\u00e1n\u00ed, na kter\u00e9 ji\u017e pravideln\u011b \u010dekaj\u00ed o\u010di \u010dten\u00e1\u0159\u016f novin DOMA NA \u0160UMAV\u011a.<\/p>","protected":false},"author":1,"featured_media":456,"parent":0,"menu_order":0,"comment_status":"closed","ping_status":"closed","template":"","meta":{"_et_pb_use_builder":"on","_et_pb_old_content":"","_et_gb_content_width":"","footnotes":""},"class_list":["post-454","page","type-page","status-publish","has-post-thumbnail","hentry"],"yoast_head":"<!-- This site is optimized with the Yoast SEO plugin v27.1.1 - https:\/\/yoast.com\/product\/yoast-seo-wordpress\/ -->\n<title>P\u00ed\u0161u - Ateli\u00e9r s du\u0161\u00ed<\/title>\n<meta name=\"robots\" content=\"index, follow, max-snippet:-1, max-image-preview:large, max-video-preview:-1\" \/>\n<link rel=\"canonical\" href=\"https:\/\/ateliersdusi.cz\/de\/pisu\/\" \/>\n<meta property=\"og:locale\" content=\"de_DE\" \/>\n<meta property=\"og:type\" content=\"article\" \/>\n<meta property=\"og:title\" content=\"P\u00ed\u0161u - Ateli\u00e9r s du\u0161\u00ed\" \/>\n<meta property=\"og:description\" content=\"P\u00ed\u0161uAneb jak to vypad\u00e1, kdy\u017e se mal\u00ed\u0159ka chop\u00ed psac\u00edho pera nam\u00edsto \u0161t\u011btce. P\u0159e\u010dt\u011bte si p\u0159\u00edb\u011bhy pln\u00e9 z\u00e1\u017eitk\u016f protknut\u00fdch vzpom\u00ednkami \u010di vtipn\u00fdmi historkami nejen z malov\u00e1n\u00ed, na kter\u00e9 ji\u017e pravideln\u011b \u010dekaj\u00ed o\u010di \u010dten\u00e1\u0159\u016f novin DOMA NA \u0160UMAV\u011a.\" \/>\n<meta property=\"og:url\" content=\"https:\/\/ateliersdusi.cz\/de\/pisu\/\" \/>\n<meta property=\"og:site_name\" content=\"Ateli\u00e9r s du\u0161\u00ed\" \/>\n<meta property=\"article:modified_time\" content=\"2025-05-12T12:45:51+00:00\" \/>\n<meta property=\"og:image\" content=\"https:\/\/ateliersdusi.cz\/wp-content\/uploads\/2025\/04\/ATELIER-S-DUSI-Jarka-Papezova-01.jpg\" \/>\n\t<meta property=\"og:image:width\" content=\"1200\" \/>\n\t<meta property=\"og:image:height\" content=\"800\" \/>\n\t<meta property=\"og:image:type\" content=\"image\/jpeg\" \/>\n<meta name=\"twitter:card\" content=\"summary_large_image\" \/>\n<meta name=\"twitter:label1\" content=\"Gesch\u00e4tzte Lesezeit\" \/>\n\t<meta name=\"twitter:data1\" content=\"5\u00a0Minuten\" \/>\n<script type=\"application\/ld+json\" class=\"yoast-schema-graph\">{\"@context\":\"https:\/\/schema.org\",\"@graph\":[{\"@type\":\"WebPage\",\"@id\":\"https:\/\/ateliersdusi.cz\/pisu\/\",\"url\":\"https:\/\/ateliersdusi.cz\/pisu\/\",\"name\":\"P\u00ed\u0161u - Ateli\u00e9r s du\u0161\u00ed\",\"isPartOf\":{\"@id\":\"https:\/\/ateliersdusi.cz\/#website\"},\"primaryImageOfPage\":{\"@id\":\"https:\/\/ateliersdusi.cz\/pisu\/#primaryimage\"},\"image\":{\"@id\":\"https:\/\/ateliersdusi.cz\/pisu\/#primaryimage\"},\"thumbnailUrl\":\"https:\/\/ateliersdusi.cz\/wp-content\/uploads\/2025\/04\/ATELIER-S-DUSI-Jarka-Papezova-01.jpg\",\"datePublished\":\"2025-04-16T17:22:58+00:00\",\"dateModified\":\"2025-05-12T12:45:51+00:00\",\"breadcrumb\":{\"@id\":\"https:\/\/ateliersdusi.cz\/pisu\/#breadcrumb\"},\"inLanguage\":\"de\",\"potentialAction\":[{\"@type\":\"ReadAction\",\"target\":[\"https:\/\/ateliersdusi.cz\/pisu\/\"]}]},{\"@type\":\"ImageObject\",\"inLanguage\":\"de\",\"@id\":\"https:\/\/ateliersdusi.cz\/pisu\/#primaryimage\",\"url\":\"https:\/\/ateliersdusi.cz\/wp-content\/uploads\/2025\/04\/ATELIER-S-DUSI-Jarka-Papezova-01.jpg\",\"contentUrl\":\"https:\/\/ateliersdusi.cz\/wp-content\/uploads\/2025\/04\/ATELIER-S-DUSI-Jarka-Papezova-01.jpg\",\"width\":1200,\"height\":800},{\"@type\":\"BreadcrumbList\",\"@id\":\"https:\/\/ateliersdusi.cz\/pisu\/#breadcrumb\",\"itemListElement\":[{\"@type\":\"ListItem\",\"position\":1,\"name\":\"Dom\u016f\",\"item\":\"https:\/\/ateliersdusi.cz\/\"},{\"@type\":\"ListItem\",\"position\":2,\"name\":\"P\u00ed\u0161u\"}]},{\"@type\":\"WebSite\",\"@id\":\"https:\/\/ateliersdusi.cz\/#website\",\"url\":\"https:\/\/ateliersdusi.cz\/\",\"name\":\"Ateli\u00e9r s du\u0161\u00ed\",\"description\":\"Jarka Pape\u017eov\u00e1 - mal\u00ed\u0159ka\",\"potentialAction\":[{\"@type\":\"SearchAction\",\"target\":{\"@type\":\"EntryPoint\",\"urlTemplate\":\"https:\/\/ateliersdusi.cz\/?s={search_term_string}\"},\"query-input\":{\"@type\":\"PropertyValueSpecification\",\"valueRequired\":true,\"valueName\":\"search_term_string\"}}],\"inLanguage\":\"de\"}]}<\/script>\n<!-- \/ Yoast SEO plugin. -->","yoast_head_json":{"title":"P\u00ed\u0161u - Ateli\u00e9r s du\u0161\u00ed","robots":{"index":"index","follow":"follow","max-snippet":"max-snippet:-1","max-image-preview":"max-image-preview:large","max-video-preview":"max-video-preview:-1"},"canonical":"https:\/\/ateliersdusi.cz\/de\/pisu\/","og_locale":"de_DE","og_type":"article","og_title":"P\u00ed\u0161u - Ateli\u00e9r s du\u0161\u00ed","og_description":"P\u00ed\u0161uAneb jak to vypad\u00e1, kdy\u017e se mal\u00ed\u0159ka chop\u00ed psac\u00edho pera nam\u00edsto \u0161t\u011btce. P\u0159e\u010dt\u011bte si p\u0159\u00edb\u011bhy pln\u00e9 z\u00e1\u017eitk\u016f protknut\u00fdch vzpom\u00ednkami \u010di vtipn\u00fdmi historkami nejen z malov\u00e1n\u00ed, na kter\u00e9 ji\u017e pravideln\u011b \u010dekaj\u00ed o\u010di \u010dten\u00e1\u0159\u016f novin DOMA NA \u0160UMAV\u011a.","og_url":"https:\/\/ateliersdusi.cz\/de\/pisu\/","og_site_name":"Ateli\u00e9r s du\u0161\u00ed","article_modified_time":"2025-05-12T12:45:51+00:00","og_image":[{"width":1200,"height":800,"url":"https:\/\/ateliersdusi.cz\/wp-content\/uploads\/2025\/04\/ATELIER-S-DUSI-Jarka-Papezova-01.jpg","type":"image\/jpeg"}],"twitter_card":"summary_large_image","twitter_misc":{"Gesch\u00e4tzte Lesezeit":"5\u00a0Minuten"},"schema":{"@context":"https:\/\/schema.org","@graph":[{"@type":"WebPage","@id":"https:\/\/ateliersdusi.cz\/pisu\/","url":"https:\/\/ateliersdusi.cz\/pisu\/","name":"P\u00ed\u0161u - Ateli\u00e9r s du\u0161\u00ed","isPartOf":{"@id":"https:\/\/ateliersdusi.cz\/#website"},"primaryImageOfPage":{"@id":"https:\/\/ateliersdusi.cz\/pisu\/#primaryimage"},"image":{"@id":"https:\/\/ateliersdusi.cz\/pisu\/#primaryimage"},"thumbnailUrl":"https:\/\/ateliersdusi.cz\/wp-content\/uploads\/2025\/04\/ATELIER-S-DUSI-Jarka-Papezova-01.jpg","datePublished":"2025-04-16T17:22:58+00:00","dateModified":"2025-05-12T12:45:51+00:00","breadcrumb":{"@id":"https:\/\/ateliersdusi.cz\/pisu\/#breadcrumb"},"inLanguage":"de","potentialAction":[{"@type":"ReadAction","target":["https:\/\/ateliersdusi.cz\/pisu\/"]}]},{"@type":"ImageObject","inLanguage":"de","@id":"https:\/\/ateliersdusi.cz\/pisu\/#primaryimage","url":"https:\/\/ateliersdusi.cz\/wp-content\/uploads\/2025\/04\/ATELIER-S-DUSI-Jarka-Papezova-01.jpg","contentUrl":"https:\/\/ateliersdusi.cz\/wp-content\/uploads\/2025\/04\/ATELIER-S-DUSI-Jarka-Papezova-01.jpg","width":1200,"height":800},{"@type":"BreadcrumbList","@id":"https:\/\/ateliersdusi.cz\/pisu\/#breadcrumb","itemListElement":[{"@type":"ListItem","position":1,"name":"Dom\u016f","item":"https:\/\/ateliersdusi.cz\/"},{"@type":"ListItem","position":2,"name":"P\u00ed\u0161u"}]},{"@type":"WebSite","@id":"https:\/\/ateliersdusi.cz\/#website","url":"https:\/\/ateliersdusi.cz\/","name":"Atelier mit Seele","description":"Jarka Pape\u017eov\u00e1 - mal\u00ed\u0159ka","potentialAction":[{"@type":"SearchAction","target":{"@type":"EntryPoint","urlTemplate":"https:\/\/ateliersdusi.cz\/?s={search_term_string}"},"query-input":{"@type":"PropertyValueSpecification","valueRequired":true,"valueName":"search_term_string"}}],"inLanguage":"de"}]}},"_links":{"self":[{"href":"https:\/\/ateliersdusi.cz\/de\/wp-json\/wp\/v2\/pages\/454","targetHints":{"allow":["GET"]}}],"collection":[{"href":"https:\/\/ateliersdusi.cz\/de\/wp-json\/wp\/v2\/pages"}],"about":[{"href":"https:\/\/ateliersdusi.cz\/de\/wp-json\/wp\/v2\/types\/page"}],"author":[{"embeddable":true,"href":"https:\/\/ateliersdusi.cz\/de\/wp-json\/wp\/v2\/users\/1"}],"replies":[{"embeddable":true,"href":"https:\/\/ateliersdusi.cz\/de\/wp-json\/wp\/v2\/comments?post=454"}],"version-history":[{"count":18,"href":"https:\/\/ateliersdusi.cz\/de\/wp-json\/wp\/v2\/pages\/454\/revisions"}],"predecessor-version":[{"id":1593,"href":"https:\/\/ateliersdusi.cz\/de\/wp-json\/wp\/v2\/pages\/454\/revisions\/1593"}],"wp:featuredmedia":[{"embeddable":true,"href":"https:\/\/ateliersdusi.cz\/de\/wp-json\/wp\/v2\/media\/456"}],"wp:attachment":[{"href":"https:\/\/ateliersdusi.cz\/de\/wp-json\/wp\/v2\/media?parent=454"}],"curies":[{"name":"wp","href":"https:\/\/api.w.org\/{rel}","templated":true}]}}